{"id":87,"date":"2022-08-26T19:55:00","date_gmt":"2022-08-26T19:55:00","guid":{"rendered":"https:\/\/bulkshipbrokers.com\/?page_id=87"},"modified":"2022-09-05T19:01:08","modified_gmt":"2022-09-05T19:01:08","slug":"o-que-fazemos","status":"publish","type":"page","link":"https:\/\/bulkshipbrokers.com\/pt\/o-que-fazemos\/","title":{"rendered":"O Que Fazemos"},"content":{"rendered":"\n<p class=\"has-text-align-center\">Afretamos o navio mais apropriado para sua carga e gerenciamos a log\u00edstica desde a origem at\u00e9 o carregamento a bordo na exporta\u00e7\u00e3o e desde o navio at\u00e9 o destino na importa\u00e7\u00e3o.<\/p>\n\n\n\n<p class=\"has-text-align-center\">Trabalhamos com os grandes Afretadores e Tradings no afretamento mar\u00edtimo, por\u00e9m com \u00eanfase nas Coperativas, Produtores e Tradings de menor porte, orientando passo a passo sobre como fazer a complexa transi\u00e7\u00e3o de embarques em cont\u00eaineres para embarques \u00e0 granel, assessorando e conduzindo todo o  processo da documenta\u00e7\u00e3o e log\u00edstica necess\u00e1rias (hist\u00f3rico, cota\u00e7\u00e3o de frete, charter party, certificados e inspe\u00e7\u00f5es, opera\u00e7\u00e3o portu\u00e1ria, contagem de demurrage, entre outros).<\/p>\n\n\n\n<p class=\"has-text-align-center\">Contamos com o apoio de armadores nos segmentos bulk, para embarques desde 10.000 at\u00e9 70.000 toneladas (navios Handy Size at\u00e9 Post Panamax) e no granel l\u00edquido a partir de 500 toneladas em navios tanque nas modalidades Parcel e Full Cargo.  <\/p>\n\n\n\n<p class=\"has-text-align-center\">Na exporta\u00e7\u00e3o nossas principais cargas s\u00e3o gr\u00e3os (soja, milho e farelos), a\u00e7ucar (a granel e ensacado), \u00f3leos vegetais, min\u00e9rio e a\u00e7o. Os principais destinos s\u00e3o \u00c1sia, \u00c1frica, Europa e Am\u00e9ricas.<\/p>\n\n\n\n<p class=\"has-text-align-center\">Na importa\u00e7\u00e3o trabalhamos com fertilizantes (granel s\u00f3lido e l\u00edquido), trigo e produtos qu\u00edmicos com origem na Europa, Mercosul, Am\u00e9rica do Norte e \u00c1sia.<\/p>\n\n\n\n<p>      <\/p>\n","protected":false},"excerpt":{"rendered":"<p>Afretamos o navio mais apropriado para sua carga e gerenciamos a log\u00edstica desde a origem at\u00e9 o carregamento a bordo na exporta\u00e7\u00e3o e desde o navio at\u00e9 o destino na importa\u00e7\u00e3o. Trabalhamos com os grandes Afretadores e Tradings no afretamento mar\u00edtimo, por\u00e9m com \u00eanfase nas Coperativas, Produtores e Tradings de menor porte, orientando passo a &hellip; <\/p>\n<p class=\"link-more\"><a href=\"https:\/\/bulkshipbrokers.com\/pt\/o-que-fazemos\/\" class=\"more-link\">Leia mais<span class=\"screen-reader-text\"> &#8220;O Que Fazemos&#8221;<\/span><\/a><\/p>\n","protected":false},"author":1,"featured_media":0,"parent":0,"menu_order":0,"comment_status":"closed","ping_status":"closed","template":"","meta":{"_coblocks_attr":"","_coblocks_dimensions":"","_coblocks_responsive_height":"","_coblocks_accordion_ie_support":"","inspiro_hide_title":false,"footnotes":""},"class_list":["post-87","page","type-page","status-publish","hentry"],"featured_media_urls":[],"_links":{"self":[{"href":"https:\/\/bulkshipbrokers.com\/pt\/wp-json\/wp\/v2\/pages\/87","targetHints":{"allow":["GET"]}}],"collection":[{"href":"https:\/\/bulkshipbrokers.com\/pt\/wp-json\/wp\/v2\/pages"}],"about":[{"href":"https:\/\/bulkshipbrokers.com\/pt\/wp-json\/wp\/v2\/types\/page"}],"author":[{"embeddable":true,"href":"https:\/\/bulkshipbrokers.com\/pt\/wp-json\/wp\/v2\/users\/1"}],"replies":[{"embeddable":true,"href":"https:\/\/bulkshipbrokers.com\/pt\/wp-json\/wp\/v2\/comments?post=87"}],"version-history":[{"count":5,"href":"https:\/\/bulkshipbrokers.com\/pt\/wp-json\/wp\/v2\/pages\/87\/revisions"}],"predecessor-version":[{"id":157,"href":"https:\/\/bulkshipbrokers.com\/pt\/wp-json\/wp\/v2\/pages\/87\/revisions\/157"}],"wp:attachment":[{"href":"https:\/\/bulkshipbrokers.com\/pt\/wp-json\/wp\/v2\/media?parent=87"}],"curies":[{"name":"wp","href":"https:\/\/api.w.org\/{rel}","templated":true}]}}