{"id":86,"date":"2022-08-26T19:55:00","date_gmt":"2022-08-26T19:55:00","guid":{"rendered":"https:\/\/bulkshipbrokers.com\/?page_id=86"},"modified":"2022-09-02T19:58:42","modified_gmt":"2022-09-02T19:58:42","slug":"quem-somos","status":"publish","type":"page","link":"https:\/\/bulkshipbrokers.com\/pt\/quem-somos\/","title":{"rendered":"Quem Somos"},"content":{"rendered":"\n<p class=\"has-text-align-center\">Contamos com mais de 30 anos de experi\u00eancia em Afretamento Mar\u00edtimo, Commodity Trading, Log\u00edstica, Opera\u00e7\u00f5es Portu\u00e1rias e Agenciamento Mar\u00edtimo no Brasil, Europa, \u00c1sia e Am\u00e9ricas. N\u00f3s somos Shipbrokers e Especialistas na Log\u00edstica de Commodities.<\/p>\n\n\n\n<p><\/p>\n","protected":false},"excerpt":{"rendered":"<p>Contamos com mais de 30 anos de experi\u00eancia em Afretamento Mar\u00edtimo, Commodity Trading, Log\u00edstica, Opera\u00e7\u00f5es Portu\u00e1rias e Agenciamento Mar\u00edtimo no Brasil, Europa, \u00c1sia e Am\u00e9ricas. N\u00f3s somos Shipbrokers e Especialistas na Log\u00edstica de Commodities.<\/p>\n","protected":false},"author":1,"featured_media":0,"parent":0,"menu_order":0,"comment_status":"closed","ping_status":"closed","template":"","meta":{"_coblocks_attr":"","_coblocks_dimensions":"","_coblocks_responsive_height":"","_coblocks_accordion_ie_support":"","inspiro_hide_title":false,"footnotes":""},"class_list":["post-86","page","type-page","status-publish","hentry"],"featured_media_urls":[],"_links":{"self":[{"href":"https:\/\/bulkshipbrokers.com\/pt\/wp-json\/wp\/v2\/pages\/86","targetHints":{"allow":["GET"]}}],"collection":[{"href":"https:\/\/bulkshipbrokers.com\/pt\/wp-json\/wp\/v2\/pages"}],"about":[{"href":"https:\/\/bulkshipbrokers.com\/pt\/wp-json\/wp\/v2\/types\/page"}],"author":[{"embeddable":true,"href":"https:\/\/bulkshipbrokers.com\/pt\/wp-json\/wp\/v2\/users\/1"}],"replies":[{"embeddable":true,"href":"https:\/\/bulkshipbrokers.com\/pt\/wp-json\/wp\/v2\/comments?post=86"}],"version-history":[{"count":6,"href":"https:\/\/bulkshipbrokers.com\/pt\/wp-json\/wp\/v2\/pages\/86\/revisions"}],"predecessor-version":[{"id":149,"href":"https:\/\/bulkshipbrokers.com\/pt\/wp-json\/wp\/v2\/pages\/86\/revisions\/149"}],"wp:attachment":[{"href":"https:\/\/bulkshipbrokers.com\/pt\/wp-json\/wp\/v2\/media?parent=86"}],"curies":[{"name":"wp","href":"https:\/\/api.w.org\/{rel}","templated":true}]}}